{"id":11584,"date":"2024-06-20T08:56:02","date_gmt":"2024-06-20T06:56:02","guid":{"rendered":"https:\/\/new.navigatorsyachtclub.com\/home\/"},"modified":"2025-12-12T09:08:03","modified_gmt":"2025-12-12T08:08:03","slug":"home","status":"publish","type":"page","link":"https:\/\/navigatorsyachtclub.com\/fr\/","title":{"rendered":"Home"},"content":{"rendered":"<h1 style=\"text-align: left;\"><em><strong>Vous cherchez \u00e0 profiter de votre prochain voyage en M\u00e9diterran\u00e9e\u202f?<\/strong><\/em><\/h1>\n<h2><em><strong>NavigatorsYachtClub est votre guide premium du m\u00e9ga\u2011yachting de luxe dans les meilleurs ports m\u00e9diterran\u00e9ens.<br \/>\nD\u00e9couvrez nos recommandations sur ce qu\u2019il faut faire, o\u00f9 s\u00e9journer et o\u00f9 vous divertir !<\/strong><\/em><\/h2>\n<p>&nbsp;<\/p>\n<h3><\/h3>\n","protected":false},"excerpt":{"rendered":"<p>Vous cherchez \u00e0 profiter de votre prochain voyage en M\u00e9diterran\u00e9e\u202f? NavigatorsYachtClub est votre guide premium du m\u00e9ga\u2011yachting de luxe dans les meilleurs ports m\u00e9diterran\u00e9ens. D\u00e9couvrez nos recommandations sur ce qu\u2019il faut faire, o\u00f9 s\u00e9journer et o\u00f9 vous divertir ! &nbsp;<\/p>\n","protected":false},"author":1,"featured_media":0,"parent":0,"menu_order":0,"comment_status":"closed","ping_status":"closed","template":"tpl-home.php","meta":{"_acf_changed":false,"footnotes":""},"class_list":["post-11584","page","type-page","status-publish","hentry"],"acf":[],"_links":{"self":[{"href":"https:\/\/navigatorsyachtclub.com\/fr\/wp-json\/wp\/v2\/pages\/11584","targetHints":{"allow":["GET"]}}],"collection":[{"href":"https:\/\/navigatorsyachtclub.com\/fr\/wp-json\/wp\/v2\/pages"}],"about":[{"href":"https:\/\/navigatorsyachtclub.com\/fr\/wp-json\/wp\/v2\/types\/page"}],"author":[{"embeddable":true,"href":"https:\/\/navigatorsyachtclub.com\/fr\/wp-json\/wp\/v2\/users\/1"}],"replies":[{"embeddable":true,"href":"https:\/\/navigatorsyachtclub.com\/fr\/wp-json\/wp\/v2\/comments?post=11584"}],"version-history":[{"count":24,"href":"https:\/\/navigatorsyachtclub.com\/fr\/wp-json\/wp\/v2\/pages\/11584\/revisions"}],"predecessor-version":[{"id":12094,"href":"https:\/\/navigatorsyachtclub.com\/fr\/wp-json\/wp\/v2\/pages\/11584\/revisions\/12094"}],"wp:attachment":[{"href":"https:\/\/navigatorsyachtclub.com\/fr\/wp-json\/wp\/v2\/media?parent=11584"}],"curies":[{"name":"wp","href":"https:\/\/api.w.org\/{rel}","templated":true}]}}