{"id":12205,"date":"2024-08-28T16:11:46","date_gmt":"2024-08-28T14:11:46","guid":{"rendered":"https:\/\/navigatorsyachtclub.com\/blog\/"},"modified":"2026-02-27T10:49:16","modified_gmt":"2026-02-27T09:49:16","slug":"blog","status":"publish","type":"page","link":"https:\/\/navigatorsyachtclub.com\/fr\/blog\/","title":{"rendered":"Notre <strong>Blog<\/strong>"},"content":{"rendered":"<p>NavigatorsYachtClub, l&rsquo;autorit\u00e9 en ligne qui vous aide \u00e0 trouver les meilleures informations et adresses \u00e0 travers la M\u00e9diterran\u00e9e.<\/p>\n","protected":false},"excerpt":{"rendered":"<p>NavigatorsYachtClub, l&rsquo;autorit\u00e9 en ligne qui vous aide \u00e0 trouver les meilleures informations et adresses \u00e0 travers la M\u00e9diterran\u00e9e.<\/p>\n","protected":false},"author":1,"featured_media":516,"parent":0,"menu_order":20,"comment_status":"closed","ping_status":"closed","template":"tpl-blog.php","meta":{"_acf_changed":false,"footnotes":""},"class_list":["post-12205","page","type-page","status-publish","has-post-thumbnail","hentry"],"acf":[],"_links":{"self":[{"href":"https:\/\/navigatorsyachtclub.com\/fr\/wp-json\/wp\/v2\/pages\/12205","targetHints":{"allow":["GET"]}}],"collection":[{"href":"https:\/\/navigatorsyachtclub.com\/fr\/wp-json\/wp\/v2\/pages"}],"about":[{"href":"https:\/\/navigatorsyachtclub.com\/fr\/wp-json\/wp\/v2\/types\/page"}],"author":[{"embeddable":true,"href":"https:\/\/navigatorsyachtclub.com\/fr\/wp-json\/wp\/v2\/users\/1"}],"replies":[{"embeddable":true,"href":"https:\/\/navigatorsyachtclub.com\/fr\/wp-json\/wp\/v2\/comments?post=12205"}],"version-history":[{"count":2,"href":"https:\/\/navigatorsyachtclub.com\/fr\/wp-json\/wp\/v2\/pages\/12205\/revisions"}],"predecessor-version":[{"id":12210,"href":"https:\/\/navigatorsyachtclub.com\/fr\/wp-json\/wp\/v2\/pages\/12205\/revisions\/12210"}],"wp:featuredmedia":[{"embeddable":true,"href":"https:\/\/navigatorsyachtclub.com\/fr\/wp-json\/wp\/v2\/media\/516"}],"wp:attachment":[{"href":"https:\/\/navigatorsyachtclub.com\/fr\/wp-json\/wp\/v2\/media?parent=12205"}],"curies":[{"name":"wp","href":"https:\/\/api.w.org\/{rel}","templated":true}]}}